{"id":35,"date":"2026-04-21T06:01:10","date_gmt":"2026-04-21T04:01:10","guid":{"rendered":"https:\/\/seniflirt.com\/fr\/?page_id=35"},"modified":"2026-04-21T06:01:10","modified_gmt":"2026-04-21T04:01:10","slug":"mentions-legales","status":"publish","type":"page","link":"https:\/\/seniflirt.com\/fr\/mentions-legales\/","title":{"rendered":"Mentions l\u00e9gales"},"content":{"rendered":"\n<p>Nom de domaine : <a href=\"https:\/\/seniflirt.com\">https:\/\/seniflirt.com<\/a><\/p>\n\n\n\n<p>H\u00e9bergement : Cloudflare, Inc.<br>Address: 101 Townsend Street<br>City: San Francisco<br>StateProv: CA<br>PostalCode: 94107<br>Country: US<\/p>\n\n\n\n<h2 class=\"wp-block-heading\">Propri\u00e9t\u00e9 intellectuelle<\/h2>\n\n\n\n<p>L\u2019ensemble des contenus pr\u00e9sents sur ce site, incluant notamment les textes, images, illustrations et \u00e9l\u00e9ments graphiques, est prot\u00e9g\u00e9 par le droit d\u2019auteur. Toute reproduction, repr\u00e9sentation, modification ou diffusion, totale ou partielle, sans autorisation pr\u00e9alable, est interdite, sauf mention contraire explicite.<\/p>\n\n\n\n<h2 class=\"wp-block-heading\">Contact<\/h2>\n\n\n\n<p>Pour toute demande, vous pouvez contacter la r\u00e9daction \u00e0 l\u2019adresse suivante :<br><a>contact@seniflirt.com<\/a><\/p>\n\n\n\n<p>Les informations communiqu\u00e9es via cette adresse sont utilis\u00e9es uniquement dans le cadre des \u00e9changes avec le site et ne sont en aucun cas transmises \u00e0 des tiers.<\/p>\n","protected":false},"excerpt":{"rendered":"<p>Nom de domaine : https:\/\/seniflirt.com H\u00e9bergement : Cloudflare, Inc.Address: 101 Townsend StreetCity: San FranciscoStateProv: CAPostalCode: 94107Country: US Propri\u00e9t\u00e9 intellectuelle L\u2019ensemble des contenus pr\u00e9sents sur ce site, incluant notamment les textes, images, illustrations et \u00e9l\u00e9ments graphiques, est prot\u00e9g\u00e9 par le droit d\u2019auteur. Toute reproduction, repr\u00e9sentation, modification ou diffusion, totale ou partielle, sans autorisation pr\u00e9alable, est interdite, [&hellip;]<\/p>\n","protected":false},"author":1,"featured_media":0,"parent":0,"menu_order":0,"comment_status":"closed","ping_status":"closed","template":"","meta":{"footnotes":""},"class_list":["post-35","page","type-page","status-publish","hentry"],"yoast_head":"<!-- This site is optimized with the Yoast SEO plugin v27.5 - https:\/\/yoast.com\/product\/yoast-seo-wordpress\/ -->\n<title>Mentions l\u00e9gales - SeniFlirt<\/title>\n<meta name=\"robots\" content=\"noindex, follow\" \/>\n<meta property=\"og:locale\" content=\"fr_BE\" \/>\n<meta property=\"og:type\" content=\"article\" \/>\n<meta property=\"og:title\" content=\"Mentions l\u00e9gales - SeniFlirt\" \/>\n<meta property=\"og:description\" content=\"Nom de domaine : https:\/\/seniflirt.com H\u00e9bergement : Cloudflare, Inc.Address: 101 Townsend StreetCity: San FranciscoStateProv: CAPostalCode: 94107Country: US Propri\u00e9t\u00e9 intellectuelle L\u2019ensemble des contenus pr\u00e9sents sur ce site, incluant notamment les textes, images, illustrations et \u00e9l\u00e9ments graphiques, est prot\u00e9g\u00e9 par le droit d\u2019auteur. Toute reproduction, repr\u00e9sentation, modification ou diffusion, totale ou partielle, sans autorisation pr\u00e9alable, est interdite, [&hellip;]\" \/>\n<meta property=\"og:url\" content=\"https:\/\/seniflirt.com\/fr\/mentions-legales\/\" \/>\n<meta property=\"og:site_name\" content=\"SeniFlirt\" \/>\n<meta property=\"article:publisher\" content=\"https:\/\/www.facebook.com\/seniflirt\" \/>\n<meta name=\"twitter:card\" content=\"summary_large_image\" \/>\n<meta name=\"twitter:label1\" content=\"Dur\u00e9e de lecture est.\" \/>\n\t<meta name=\"twitter:data1\" content=\"1 minute\" \/>\n<script type=\"application\/ld+json\" class=\"yoast-schema-graph\">{\"@context\":\"https:\\\/\\\/schema.org\",\"@graph\":[{\"@type\":\"WebPage\",\"@id\":\"https:\\\/\\\/seniflirt.com\\\/fr\\\/mentions-legales\\\/\",\"url\":\"https:\\\/\\\/seniflirt.com\\\/fr\\\/mentions-legales\\\/\",\"name\":\"Mentions l\u00e9gales - SeniFlirt\",\"isPartOf\":{\"@id\":\"https:\\\/\\\/seniflirt.com\\\/fr\\\/#website\"},\"datePublished\":\"2026-04-21T04:01:10+00:00\",\"breadcrumb\":{\"@id\":\"https:\\\/\\\/seniflirt.com\\\/fr\\\/mentions-legales\\\/#breadcrumb\"},\"inLanguage\":\"fr-BE\",\"potentialAction\":[{\"@type\":\"ReadAction\",\"target\":[\"https:\\\/\\\/seniflirt.com\\\/fr\\\/mentions-legales\\\/\"]}]},{\"@type\":\"BreadcrumbList\",\"@id\":\"https:\\\/\\\/seniflirt.com\\\/fr\\\/mentions-legales\\\/#breadcrumb\",\"itemListElement\":[{\"@type\":\"ListItem\",\"position\":1,\"name\":\"fr\",\"item\":\"https:\\\/\\\/seniflirt.com\\\/fr\\\/\"},{\"@type\":\"ListItem\",\"position\":2,\"name\":\"Mentions l\u00e9gales\"}]},{\"@type\":\"WebSite\",\"@id\":\"https:\\\/\\\/seniflirt.com\\\/fr\\\/#website\",\"url\":\"https:\\\/\\\/seniflirt.com\\\/fr\\\/\",\"name\":\"SeniFlirt\",\"description\":\"Conseils &amp; Rencontres Seniors\",\"publisher\":{\"@id\":\"https:\\\/\\\/seniflirt.com\\\/fr\\\/#organization\"},\"potentialAction\":[{\"@type\":\"SearchAction\",\"target\":{\"@type\":\"EntryPoint\",\"urlTemplate\":\"https:\\\/\\\/seniflirt.com\\\/fr\\\/?s={search_term_string}\"},\"query-input\":{\"@type\":\"PropertyValueSpecification\",\"valueRequired\":true,\"valueName\":\"search_term_string\"}}],\"inLanguage\":\"fr-BE\"},{\"@type\":\"Organization\",\"@id\":\"https:\\\/\\\/seniflirt.com\\\/fr\\\/#organization\",\"name\":\"SeniFlirt\",\"url\":\"https:\\\/\\\/seniflirt.com\\\/fr\\\/\",\"logo\":{\"@type\":\"ImageObject\",\"inLanguage\":\"fr-BE\",\"@id\":\"https:\\\/\\\/seniflirt.com\\\/fr\\\/#\\\/schema\\\/logo\\\/image\\\/\",\"url\":\"https:\\\/\\\/seniflirt.com\\\/fr\\\/wp-content\\\/uploads\\\/2026\\\/04\\\/hommes-divorces-50-ans-femmes-plus-jeunes.jpg\",\"contentUrl\":\"https:\\\/\\\/seniflirt.com\\\/fr\\\/wp-content\\\/uploads\\\/2026\\\/04\\\/hommes-divorces-50-ans-femmes-plus-jeunes.jpg\",\"width\":1536,\"height\":1024,\"caption\":\"SeniFlirt\"},\"image\":{\"@id\":\"https:\\\/\\\/seniflirt.com\\\/fr\\\/#\\\/schema\\\/logo\\\/image\\\/\"},\"sameAs\":[\"https:\\\/\\\/www.facebook.com\\\/seniflirt\"]}]}<\/script>\n<!-- \/ Yoast SEO plugin. -->","yoast_head_json":{"title":"Mentions l\u00e9gales - SeniFlirt","robots":{"index":"noindex","follow":"follow"},"og_locale":"fr_BE","og_type":"article","og_title":"Mentions l\u00e9gales - SeniFlirt","og_description":"Nom de domaine : https:\/\/seniflirt.com H\u00e9bergement : Cloudflare, Inc.Address: 101 Townsend StreetCity: San FranciscoStateProv: CAPostalCode: 94107Country: US Propri\u00e9t\u00e9 intellectuelle L\u2019ensemble des contenus pr\u00e9sents sur ce site, incluant notamment les textes, images, illustrations et \u00e9l\u00e9ments graphiques, est prot\u00e9g\u00e9 par le droit d\u2019auteur. Toute reproduction, repr\u00e9sentation, modification ou diffusion, totale ou partielle, sans autorisation pr\u00e9alable, est interdite, [&hellip;]","og_url":"https:\/\/seniflirt.com\/fr\/mentions-legales\/","og_site_name":"SeniFlirt","article_publisher":"https:\/\/www.facebook.com\/seniflirt","twitter_card":"summary_large_image","twitter_misc":{"Dur\u00e9e de lecture est.":"1 minute"},"schema":{"@context":"https:\/\/schema.org","@graph":[{"@type":"WebPage","@id":"https:\/\/seniflirt.com\/fr\/mentions-legales\/","url":"https:\/\/seniflirt.com\/fr\/mentions-legales\/","name":"Mentions l\u00e9gales - SeniFlirt","isPartOf":{"@id":"https:\/\/seniflirt.com\/fr\/#website"},"datePublished":"2026-04-21T04:01:10+00:00","breadcrumb":{"@id":"https:\/\/seniflirt.com\/fr\/mentions-legales\/#breadcrumb"},"inLanguage":"fr-BE","potentialAction":[{"@type":"ReadAction","target":["https:\/\/seniflirt.com\/fr\/mentions-legales\/"]}]},{"@type":"BreadcrumbList","@id":"https:\/\/seniflirt.com\/fr\/mentions-legales\/#breadcrumb","itemListElement":[{"@type":"ListItem","position":1,"name":"fr","item":"https:\/\/seniflirt.com\/fr\/"},{"@type":"ListItem","position":2,"name":"Mentions l\u00e9gales"}]},{"@type":"WebSite","@id":"https:\/\/seniflirt.com\/fr\/#website","url":"https:\/\/seniflirt.com\/fr\/","name":"SeniFlirt","description":"Conseils &amp; Rencontres Seniors","publisher":{"@id":"https:\/\/seniflirt.com\/fr\/#organization"},"potentialAction":[{"@type":"SearchAction","target":{"@type":"EntryPoint","urlTemplate":"https:\/\/seniflirt.com\/fr\/?s={search_term_string}"},"query-input":{"@type":"PropertyValueSpecification","valueRequired":true,"valueName":"search_term_string"}}],"inLanguage":"fr-BE"},{"@type":"Organization","@id":"https:\/\/seniflirt.com\/fr\/#organization","name":"SeniFlirt","url":"https:\/\/seniflirt.com\/fr\/","logo":{"@type":"ImageObject","inLanguage":"fr-BE","@id":"https:\/\/seniflirt.com\/fr\/#\/schema\/logo\/image\/","url":"https:\/\/seniflirt.com\/fr\/wp-content\/uploads\/2026\/04\/hommes-divorces-50-ans-femmes-plus-jeunes.jpg","contentUrl":"https:\/\/seniflirt.com\/fr\/wp-content\/uploads\/2026\/04\/hommes-divorces-50-ans-femmes-plus-jeunes.jpg","width":1536,"height":1024,"caption":"SeniFlirt"},"image":{"@id":"https:\/\/seniflirt.com\/fr\/#\/schema\/logo\/image\/"},"sameAs":["https:\/\/www.facebook.com\/seniflirt"]}]}},"_links":{"self":[{"href":"https:\/\/seniflirt.com\/fr\/wp-json\/wp\/v2\/pages\/35","targetHints":{"allow":["GET"]}}],"collection":[{"href":"https:\/\/seniflirt.com\/fr\/wp-json\/wp\/v2\/pages"}],"about":[{"href":"https:\/\/seniflirt.com\/fr\/wp-json\/wp\/v2\/types\/page"}],"author":[{"embeddable":true,"href":"https:\/\/seniflirt.com\/fr\/wp-json\/wp\/v2\/users\/1"}],"replies":[{"embeddable":true,"href":"https:\/\/seniflirt.com\/fr\/wp-json\/wp\/v2\/comments?post=35"}],"version-history":[{"count":1,"href":"https:\/\/seniflirt.com\/fr\/wp-json\/wp\/v2\/pages\/35\/revisions"}],"predecessor-version":[{"id":36,"href":"https:\/\/seniflirt.com\/fr\/wp-json\/wp\/v2\/pages\/35\/revisions\/36"}],"wp:attachment":[{"href":"https:\/\/seniflirt.com\/fr\/wp-json\/wp\/v2\/media?parent=35"}],"curies":[{"name":"wp","href":"https:\/\/api.w.org\/{rel}","templated":true}]}}